{"id":29,"date":"2022-08-19T10:22:31","date_gmt":"2022-08-19T08:22:31","guid":{"rendered":"https:\/\/blog.diariodesubastas.com\/?page_id=29"},"modified":"2023-01-25T23:20:50","modified_gmt":"2023-01-25T21:20:50","slug":"inicio","status":"publish","type":"page","link":"https:\/\/diariodesubastas.com\/blog\/","title":{"rendered":"Centro de Documentaci\u00f3n"},"content":{"rendered":"\t\t<div data-elementor-type=\"wp-page\" data-elementor-id=\"29\" class=\"elementor elementor-29\">\n\t\t\t\t\t\t\t\t\t<section class=\"elementor-section elementor-top-section elementor-element elementor-element-0dede2f elementor-section-boxed elementor-section-height-default elementor-section-height-default\" data-id=\"0dede2f\" data-element_type=\"section\">\n\t\t\t\t\t\t<div class=\"elementor-container elementor-column-gap-default\">\n\t\t\t\t\t<div class=\"elementor-column elementor-col-100 elementor-top-column elementor-element elementor-element-d163d79\" data-id=\"d163d79\" data-element_type=\"column\">\n\t\t\t<div class=\"elementor-widget-wrap elementor-element-populated\">\n\t\t\t\t\t\t\t\t<div class=\"elementor-element elementor-element-ee706f2 elementor-widget elementor-widget-shortcode\" data-id=\"ee706f2\" data-element_type=\"widget\" data-widget_type=\"shortcode.default\">\n\t\t\t\t<div class=\"elementor-widget-container\">\n\t\t\t\t\t<div class=\"elementor-shortcode\"><div class=\"betterdocs-live-search\"><form class=\"betterdocs-searchform betterdocs-advance-searchform\">\n                <div class=\"betterdocs-searchform-input-wrap\">\n                    <svg class=\"docs-search-icon\" xmlns=\"http:\/\/www.w3.org\/2000\/svg\" xmlns:xlink=\"http:\/\/www.w3.org\/1999\/xlink\" width=\"38px\" viewBox=\"0 0 50 50\" version=\"1.1\">\n                        <g id=\"surface1\">\n                            <path style=\" \" d=\"M 21 3 C 11.601563 3 4 10.601563 4 20 C 4 29.398438 11.601563 37 21 37 C 24.355469 37 27.460938 36.015625 30.09375 34.34375 L 42.375 46.625 L 46.625 42.375 L 34.5 30.28125 C 36.679688 27.421875 38 23.878906 38 20 C 38 10.601563 30.398438 3 21 3 Z M 21 7 C 28.199219 7 34 12.800781 34 20 C 34 27.199219 28.199219 33 21 33 C 13.800781 33 8 27.199219 8 20 C 8 12.800781 13.800781 7 21 7 Z \"><\/path>\n                        <\/g>\n                    <\/svg>\n                    <input type=\"text\" class=\"betterdocs-search-field\" name=\"s\" placeholder=\"\" autocomplete=\"off\" value=\"\">\n                    <svg class=\"docs-search-loader\" width=\"38\" height=\"38\" viewBox=\"0 0 38 38\" xmlns=\"http:\/\/www.w3.org\/2000\/svg\" stroke=\"#444b54\">\n                        <g fill=\"none\" fill-rule=\"evenodd\">\n                            <g transform=\"translate(1 1)\" stroke-width=\"2\">\n                                <circle stroke-opacity=\".5\" cx=\"18\" cy=\"18\" r=\"18\" \/>\n                                <path d=\"M36 18c0-9.94-8.06-18-18-18\">\n                                    <animateTransform attributeName=\"transform\" type=\"rotate\" from=\"0 18 18\" to=\"360 18 18\" dur=\"1s\" repeatCount=\"indefinite\" \/>\n                                <\/path>\n                            <\/g>\n                        <\/g>\n                    <\/svg>\n                    <svg class=\"docs-search-close\" xmlns=\"http:\/\/www.w3.org\/2000\/svg\" width=\"38px\" viewBox=\"0 0 128 128\">\n                        <path fill=\"#fff\" d=\"M64 14A50 50 0 1 0 64 114A50 50 0 1 0 64 14Z\" transform=\"rotate(-45.001 64 64.001)\"><\/path>\n                        <path class=\"close-border\" d=\"M64,117c-14.2,0-27.5-5.5-37.5-15.5c-20.7-20.7-20.7-54.3,0-75C36.5,16.5,49.8,11,64,11c14.2,0,27.5,5.5,37.5,15.5c10,10,15.5,23.3,15.5,37.5s-5.5,27.5-15.5,37.5C91.5,111.5,78.2,117,64,117z M64,17c-12.6,0-24.4,4.9-33.2,13.8c-18.3,18.3-18.3,48.1,0,66.5C39.6,106.1,51.4,111,64,111c12.6,0,24.4-4.9,33.2-13.8S111,76.6,111,64s-4.9-24.4-13.8-33.2S76.6,17,64,17z\"><\/path>\n                        <path class=\"close-line\" d=\"M53.4,77.6c-0.8,0-1.5-0.3-2.1-0.9c-1.2-1.2-1.2-3.1,0-4.2l21.2-21.2c1.2-1.2,3.1-1.2,4.2,0c1.2,1.2,1.2,3.1,0,4.2L55.5,76.7C54.9,77.3,54.2,77.6,53.4,77.6z\"><\/path>\n                        <path class=\"close-line\" d=\"M74.6,77.6c-0.8,0-1.5-0.3-2.1-0.9L51.3,55.5c-1.2-1.2-1.2-3.1,0-4.2c1.2-1.2,3.1-1.2,4.2,0l21.2,21.2c1.2,1.2,1.2,3.1,0,4.2C76.1,77.3,75.4,77.6,74.6,77.6z\"><\/path>\n                    <\/svg>\n                <\/div><input type=\"hidden\" value=\"Search\" class=\"betterdocs-search-submit\"><\/form><\/div><\/div>\n\t\t\t\t<\/div>\n\t\t\t\t<\/div>\n\t\t\t\t\t<\/div>\n\t\t<\/div>\n\t\t\t\t\t\t\t<\/div>\n\t\t<\/section>\n\t\t\t\t<section class=\"elementor-section elementor-top-section elementor-element elementor-element-b86bcf0 elementor-section-boxed elementor-section-height-default elementor-section-height-default\" data-id=\"b86bcf0\" data-element_type=\"section\">\n\t\t\t\t\t\t<div class=\"elementor-container elementor-column-gap-default\">\n\t\t\t\t\t<div class=\"elementor-column elementor-col-33 elementor-top-column elementor-element elementor-element-f32aa14\" data-id=\"f32aa14\" data-element_type=\"column\">\n\t\t\t<div class=\"elementor-widget-wrap elementor-element-populated\">\n\t\t\t\t\t\t\t\t<div class=\"elementor-element elementor-element-6d3936d elementor-view-default elementor-vertical-align-top elementor-widget elementor-widget-icon-box\" data-id=\"6d3936d\" data-element_type=\"widget\" data-widget_type=\"icon-box.default\">\n\t\t\t\t<div class=\"elementor-widget-container\">\n\t\t\t<link rel=\"stylesheet\" href=\"https:\/\/diariodesubastas.com\/blog\/wp-content\/plugins\/elementor\/assets\/css\/widget-icon-box.min.css\">\t\t<div class=\"elementor-icon-box-wrapper\">\n\t\t\t\t\t\t<div class=\"elementor-icon-box-content\">\n\t\t\t\t<h3 class=\"elementor-icon-box-title\">\n\t\t\t\t\t<span  >\n\t\t\t\t\t\tSobre nosotros\t\t\t\t\t<\/span>\n\t\t\t\t<\/h3>\n\t\t\t\t\t\t\t\t\t<p class=\"elementor-icon-box-description\">\n\t\t\t\t\t\tEn esta p\u00e1gina encontrar\u00e1s informaci\u00f3n sobre nuestra empresa, nuestra historia, nuestra misi\u00f3n y visi\u00f3n del sector.\t\t\t\t\t<\/p>\n\t\t\t\t\t\t\t<\/div>\n\t\t<\/div>\n\t\t\t\t<\/div>\n\t\t\t\t<\/div>\n\t\t\t\t<div class=\"elementor-element elementor-element-c6910c5 elementor-widget elementor-widget-eael-creative-button\" data-id=\"c6910c5\" data-element_type=\"widget\" data-widget_type=\"eael-creative-button.default\">\n\t\t\t\t<div class=\"elementor-widget-container\">\n\t\t\t        <div class=\"eael-creative-button-wrapper\">\n\n            <a class=\"eael-creative-button eael-creative-button--default\" href=\"\/sobre-nosotros\/\" data-text=\"Ir\">\n\n\t    \n                <div class=\"creative-button-inner\">\n\n                    \n                    <span class=\"cretive-button-text\">Con\u00f3cenos<\/span>\n\n                                    <\/div>\n\t                        <\/a>\n        <\/div>\n\t\t<\/div>\n\t\t\t\t<\/div>\n\t\t\t\t\t<\/div>\n\t\t<\/div>\n\t\t\t\t<div class=\"elementor-column elementor-col-33 elementor-top-column elementor-element elementor-element-ba5a49e\" data-id=\"ba5a49e\" data-element_type=\"column\">\n\t\t\t<div class=\"elementor-widget-wrap elementor-element-populated\">\n\t\t\t\t\t\t\t\t<div class=\"elementor-element elementor-element-a2426df elementor-view-default elementor-vertical-align-top elementor-widget elementor-widget-icon-box\" data-id=\"a2426df\" data-element_type=\"widget\" data-widget_type=\"icon-box.default\">\n\t\t\t\t<div class=\"elementor-widget-container\">\n\t\t\t\t\t<div class=\"elementor-icon-box-wrapper\">\n\t\t\t\t\t\t<div class=\"elementor-icon-box-content\">\n\t\t\t\t<h3 class=\"elementor-icon-box-title\">\n\t\t\t\t\t<span  >\n\t\t\t\t\t\tPreguntas frecuentes\t\t\t\t\t<\/span>\n\t\t\t\t<\/h3>\n\t\t\t\t\t\t\t\t\t<p class=\"elementor-icon-box-description\">\n\t\t\t\t\t\tEn esta secci\u00f3n encontrar\u00e1s respuestas sobre nuestros servicios, procesos y cualquier otra informaci\u00f3n del sector.\t\t\t\t\t<\/p>\n\t\t\t\t\t\t\t<\/div>\n\t\t<\/div>\n\t\t\t\t<\/div>\n\t\t\t\t<\/div>\n\t\t\t\t<div class=\"elementor-element elementor-element-1795de1 elementor-widget elementor-widget-eael-creative-button\" data-id=\"1795de1\" data-element_type=\"widget\" data-widget_type=\"eael-creative-button.default\">\n\t\t\t\t<div class=\"elementor-widget-container\">\n\t\t\t        <div class=\"eael-creative-button-wrapper\">\n\n            <a class=\"eael-creative-button eael-creative-button--default\" href=\"\/blog\/categor\u00eda-soporte\/faqs\/\" data-text=\"Ir\">\n\n\t    \n                <div class=\"creative-button-inner\">\n\n                    \n                    <span class=\"cretive-button-text\">Resuelve tus dudas<\/span>\n\n                                    <\/div>\n\t                        <\/a>\n        <\/div>\n\t\t<\/div>\n\t\t\t\t<\/div>\n\t\t\t\t\t<\/div>\n\t\t<\/div>\n\t\t\t\t<div class=\"elementor-column elementor-col-33 elementor-top-column elementor-element elementor-element-9ee6543\" data-id=\"9ee6543\" data-element_type=\"column\">\n\t\t\t<div class=\"elementor-widget-wrap elementor-element-populated\">\n\t\t\t\t\t\t\t\t<div class=\"elementor-element elementor-element-04444a9 elementor-view-default elementor-vertical-align-top elementor-widget elementor-widget-icon-box\" data-id=\"04444a9\" data-element_type=\"widget\" data-widget_type=\"icon-box.default\">\n\t\t\t\t<div class=\"elementor-widget-container\">\n\t\t\t\t\t<div class=\"elementor-icon-box-wrapper\">\n\t\t\t\t\t\t<div class=\"elementor-icon-box-content\">\n\t\t\t\t<h3 class=\"elementor-icon-box-title\">\n\t\t\t\t\t<span  >\n\t\t\t\t\t\tNoticias\t\t\t\t\t<\/span>\n\t\t\t\t<\/h3>\n\t\t\t\t\t\t\t\t\t<p class=\"elementor-icon-box-description\">\n\t\t\t\t\t\t\u00daltimas novedades relacionadas con el sector.\t\t\t\t\t<\/p>\n\t\t\t\t\t\t\t<\/div>\n\t\t<\/div>\n\t\t\t\t<\/div>\n\t\t\t\t<\/div>\n\t\t\t\t<div class=\"elementor-element elementor-element-e9f554e elementor-widget elementor-widget-eael-creative-button\" data-id=\"e9f554e\" data-element_type=\"widget\" data-widget_type=\"eael-creative-button.default\">\n\t\t\t\t<div class=\"elementor-widget-container\">\n\t\t\t        <div class=\"eael-creative-button-wrapper\">\n\n            <a class=\"eael-creative-button eael-creative-button--default\" href=\"\/blog\/noticias\/\" data-text=\"Ir\">\n\n\t    \n                <div class=\"creative-button-inner\">\n\n                    \n                    <span class=\"cretive-button-text\">Mantente al d\u00eda<\/span>\n\n                                    <\/div>\n\t                        <\/a>\n        <\/div>\n\t\t<\/div>\n\t\t\t\t<\/div>\n\t\t\t\t\t<\/div>\n\t\t<\/div>\n\t\t\t\t\t\t\t<\/div>\n\t\t<\/section>\n\t\t\t\t<section class=\"elementor-section elementor-top-section elementor-element elementor-element-9e7c485 elementor-section-boxed elementor-section-height-default elementor-section-height-default\" data-id=\"9e7c485\" data-element_type=\"section\">\n\t\t\t\t\t\t<div class=\"elementor-container elementor-column-gap-default\">\n\t\t\t\t\t<div class=\"elementor-column elementor-col-100 elementor-top-column elementor-element elementor-element-cbb2785\" data-id=\"cbb2785\" data-element_type=\"column\">\n\t\t\t<div class=\"elementor-widget-wrap\">\n\t\t\t\t\t\t\t\t\t<\/div>\n\t\t<\/div>\n\t\t\t\t\t\t\t<\/div>\n\t\t<\/section>\n\t\t\t\t\t\t\t<\/div>\n\t\t","protected":false},"excerpt":{"rendered":"<p>Sobre nosotros En esta p\u00e1gina encontrar\u00e1s informaci\u00f3n sobre nuestra empresa, nuestra historia, nuestra misi\u00f3n y visi\u00f3n del sector. Con\u00f3cenos Preguntas frecuentes En esta secci\u00f3n encontrar\u00e1s respuestas sobre nuestros servicios, procesos y cualquier otra informaci\u00f3n del sector. Resuelve tus dudas Noticias \u00daltimas novedades relacionadas con el sector. Mantente al d\u00eda<\/p>\n","protected":false},"author":1,"featured_media":0,"parent":0,"menu_order":0,"comment_status":"closed","ping_status":"closed","template":"","meta":{"footnotes":""},"class_list":["post-29","page","type-page","status-publish","hentry"],"yoast_head":"<!-- This site is optimized with the Yoast SEO plugin v20.8 - https:\/\/yoast.com\/wordpress\/plugins\/seo\/ -->\n<title>Centro de Documentaci\u00f3n - Diario de Subastas<\/title>\n<meta name=\"robots\" content=\"index, follow, max-snippet:-1, max-image-preview:large, max-video-preview:-1\" \/>\n<link rel=\"canonical\" href=\"https:\/\/diariodesubastas.com\/blog\/\" \/>\n<meta property=\"og:locale\" content=\"es_ES\" \/>\n<meta property=\"og:type\" content=\"article\" \/>\n<meta property=\"og:title\" content=\"Centro de Documentaci\u00f3n - Diario de Subastas\" \/>\n<meta property=\"og:description\" content=\"Sobre nosotros En esta p\u00e1gina encontrar\u00e1s informaci\u00f3n sobre nuestra empresa, nuestra historia, nuestra misi\u00f3n y visi\u00f3n del sector. Con\u00f3cenos Preguntas frecuentes En esta secci\u00f3n encontrar\u00e1s respuestas sobre nuestros servicios, procesos y cualquier otra informaci\u00f3n del sector. Resuelve tus dudas Noticias \u00daltimas novedades relacionadas con el sector. Mantente al d\u00eda\" \/>\n<meta property=\"og:url\" content=\"https:\/\/diariodesubastas.com\/blog\/\" \/>\n<meta property=\"og:site_name\" content=\"Diario de Subastas\" \/>\n<meta property=\"article:modified_time\" content=\"2023-01-25T21:20:50+00:00\" \/>\n<meta name=\"twitter:card\" content=\"summary_large_image\" \/>\n<script type=\"application\/ld+json\" class=\"yoast-schema-graph\">{\"@context\":\"https:\/\/schema.org\",\"@graph\":[{\"@type\":\"WebPage\",\"@id\":\"https:\/\/diariodesubastas.com\/blog\/\",\"url\":\"https:\/\/diariodesubastas.com\/blog\/\",\"name\":\"Centro de Documentaci\u00f3n - Diario de Subastas\",\"isPartOf\":{\"@id\":\"https:\/\/diariodesubastas.com\/blog\/#website\"},\"datePublished\":\"2022-08-19T08:22:31+00:00\",\"dateModified\":\"2023-01-25T21:20:50+00:00\",\"breadcrumb\":{\"@id\":\"https:\/\/diariodesubastas.com\/blog\/#breadcrumb\"},\"inLanguage\":\"es\",\"potentialAction\":[{\"@type\":\"ReadAction\",\"target\":[\"https:\/\/diariodesubastas.com\/blog\/\"]}]},{\"@type\":\"BreadcrumbList\",\"@id\":\"https:\/\/diariodesubastas.com\/blog\/#breadcrumb\",\"itemListElement\":[{\"@type\":\"ListItem\",\"position\":1,\"name\":\"Portada\",\"item\":\"https:\/\/diariodesubastas.com\/blog\/\"},{\"@type\":\"ListItem\",\"position\":2,\"name\":\"Centro de Documentaci\u00f3n\"}]},{\"@type\":\"WebSite\",\"@id\":\"https:\/\/diariodesubastas.com\/blog\/#website\",\"url\":\"https:\/\/diariodesubastas.com\/blog\/\",\"name\":\"Diario de Subastas: Blog y Documentaci\u00f3n\",\"description\":\"diariodesubastas.com\",\"publisher\":{\"@id\":\"https:\/\/diariodesubastas.com\/blog\/#organization\"},\"potentialAction\":[{\"@type\":\"SearchAction\",\"target\":{\"@type\":\"EntryPoint\",\"urlTemplate\":\"https:\/\/diariodesubastas.com\/blog\/?s={search_term_string}\"},\"query-input\":\"required name=search_term_string\"}],\"inLanguage\":\"es\"},{\"@type\":\"Organization\",\"@id\":\"https:\/\/diariodesubastas.com\/blog\/#organization\",\"name\":\"Diario de Subastas: Blog y Documentaci\u00f3n\",\"url\":\"https:\/\/diariodesubastas.com\/blog\/\",\"logo\":{\"@type\":\"ImageObject\",\"inLanguage\":\"es\",\"@id\":\"https:\/\/diariodesubastas.com\/blog\/#\/schema\/logo\/image\/\",\"url\":\"https:\/\/diariodesubastas.com\/blog\/wp-content\/uploads\/2022\/12\/dds.png\",\"contentUrl\":\"https:\/\/diariodesubastas.com\/blog\/wp-content\/uploads\/2022\/12\/dds.png\",\"width\":125,\"height\":125,\"caption\":\"Diario de Subastas: Blog y Documentaci\u00f3n\"},\"image\":{\"@id\":\"https:\/\/diariodesubastas.com\/blog\/#\/schema\/logo\/image\/\"}}]}<\/script>\n<!-- \/ Yoast SEO plugin. -->","yoast_head_json":{"title":"Centro de Documentaci\u00f3n - Diario de Subastas","robots":{"index":"index","follow":"follow","max-snippet":"max-snippet:-1","max-image-preview":"max-image-preview:large","max-video-preview":"max-video-preview:-1"},"canonical":"https:\/\/diariodesubastas.com\/blog\/","og_locale":"es_ES","og_type":"article","og_title":"Centro de Documentaci\u00f3n - Diario de Subastas","og_description":"Sobre nosotros En esta p\u00e1gina encontrar\u00e1s informaci\u00f3n sobre nuestra empresa, nuestra historia, nuestra misi\u00f3n y visi\u00f3n del sector. Con\u00f3cenos Preguntas frecuentes En esta secci\u00f3n encontrar\u00e1s respuestas sobre nuestros servicios, procesos y cualquier otra informaci\u00f3n del sector. Resuelve tus dudas Noticias \u00daltimas novedades relacionadas con el sector. Mantente al d\u00eda","og_url":"https:\/\/diariodesubastas.com\/blog\/","og_site_name":"Diario de Subastas","article_modified_time":"2023-01-25T21:20:50+00:00","twitter_card":"summary_large_image","schema":{"@context":"https:\/\/schema.org","@graph":[{"@type":"WebPage","@id":"https:\/\/diariodesubastas.com\/blog\/","url":"https:\/\/diariodesubastas.com\/blog\/","name":"Centro de Documentaci\u00f3n - Diario de Subastas","isPartOf":{"@id":"https:\/\/diariodesubastas.com\/blog\/#website"},"datePublished":"2022-08-19T08:22:31+00:00","dateModified":"2023-01-25T21:20:50+00:00","breadcrumb":{"@id":"https:\/\/diariodesubastas.com\/blog\/#breadcrumb"},"inLanguage":"es","potentialAction":[{"@type":"ReadAction","target":["https:\/\/diariodesubastas.com\/blog\/"]}]},{"@type":"BreadcrumbList","@id":"https:\/\/diariodesubastas.com\/blog\/#breadcrumb","itemListElement":[{"@type":"ListItem","position":1,"name":"Portada","item":"https:\/\/diariodesubastas.com\/blog\/"},{"@type":"ListItem","position":2,"name":"Centro de Documentaci\u00f3n"}]},{"@type":"WebSite","@id":"https:\/\/diariodesubastas.com\/blog\/#website","url":"https:\/\/diariodesubastas.com\/blog\/","name":"Diario de Subastas: Blog y Documentaci\u00f3n","description":"diariodesubastas.com","publisher":{"@id":"https:\/\/diariodesubastas.com\/blog\/#organization"},"potentialAction":[{"@type":"SearchAction","target":{"@type":"EntryPoint","urlTemplate":"https:\/\/diariodesubastas.com\/blog\/?s={search_term_string}"},"query-input":"required name=search_term_string"}],"inLanguage":"es"},{"@type":"Organization","@id":"https:\/\/diariodesubastas.com\/blog\/#organization","name":"Diario de Subastas: Blog y Documentaci\u00f3n","url":"https:\/\/diariodesubastas.com\/blog\/","logo":{"@type":"ImageObject","inLanguage":"es","@id":"https:\/\/diariodesubastas.com\/blog\/#\/schema\/logo\/image\/","url":"https:\/\/diariodesubastas.com\/blog\/wp-content\/uploads\/2022\/12\/dds.png","contentUrl":"https:\/\/diariodesubastas.com\/blog\/wp-content\/uploads\/2022\/12\/dds.png","width":125,"height":125,"caption":"Diario de Subastas: Blog y Documentaci\u00f3n"},"image":{"@id":"https:\/\/diariodesubastas.com\/blog\/#\/schema\/logo\/image\/"}}]}},"_links":{"self":[{"href":"https:\/\/diariodesubastas.com\/blog\/wp-json\/wp\/v2\/pages\/29","targetHints":{"allow":["GET"]}}],"collection":[{"href":"https:\/\/diariodesubastas.com\/blog\/wp-json\/wp\/v2\/pages"}],"about":[{"href":"https:\/\/diariodesubastas.com\/blog\/wp-json\/wp\/v2\/types\/page"}],"author":[{"embeddable":true,"href":"https:\/\/diariodesubastas.com\/blog\/wp-json\/wp\/v2\/users\/1"}],"replies":[{"embeddable":true,"href":"https:\/\/diariodesubastas.com\/blog\/wp-json\/wp\/v2\/comments?post=29"}],"version-history":[{"count":70,"href":"https:\/\/diariodesubastas.com\/blog\/wp-json\/wp\/v2\/pages\/29\/revisions"}],"predecessor-version":[{"id":219,"href":"https:\/\/diariodesubastas.com\/blog\/wp-json\/wp\/v2\/pages\/29\/revisions\/219"}],"wp:attachment":[{"href":"https:\/\/diariodesubastas.com\/blog\/wp-json\/wp\/v2\/media?parent=29"}],"curies":[{"name":"wp","href":"https:\/\/api.w.org\/{rel}","templated":true}]}}